{"id":1284,"date":"2025-11-22T14:40:23","date_gmt":"2025-11-22T13:40:23","guid":{"rendered":"https:\/\/ordinacebucovice.cz\/?page_id=1284"},"modified":"2025-11-22T14:50:42","modified_gmt":"2025-11-22T13:50:42","slug":"vnitrni-rad-ordinace","status":"publish","type":"page","link":"https:\/\/ordinacebucovice.cz\/index.php\/vnitrni-rad-ordinace\/","title":{"rendered":"Vnit\u0159n\u00ed \u0159\u00e1d ordinace"},"content":{"rendered":"\n<div data-wp-interactive=\"core\/file\" class=\"wp-block-file\"><object data-wp-bind--hidden=\"!state.hasPdfPreview\" hidden class=\"wp-block-file__embed\" data=\"https:\/\/ordinacebucovice.cz\/wp-content\/uploads\/2025\/11\/Vnitrni-rad-ordinace-1.pdf\" type=\"application\/pdf\" style=\"width:100%;height:600px\" aria-label=\"Vlo\u017eit z Vnit\u0159n\u00ed \u0159\u00e1d ordinace.\"><\/object><a id=\"wp-block-file--media-f4fd5adf-6b28-4a52-8ad2-2c78660e09fd\" href=\"https:\/\/ordinacebucovice.cz\/wp-content\/uploads\/2025\/11\/Vnitrni-rad-ordinace-1.pdf\">Vnit\u0159n\u00ed \u0159\u00e1d ordinace<\/a><a href=\"https:\/\/ordinacebucovice.cz\/wp-content\/uploads\/2025\/11\/Vnitrni-rad-ordinace-1.pdf\" class=\"wp-block-file__button wp-element-button\" download aria-describedby=\"wp-block-file--media-f4fd5adf-6b28-4a52-8ad2-2c78660e09fd\">St\u00e1hnout<\/a><\/div>\n","protected":false},"excerpt":{"rendered":"","protected":false},"author":1,"featured_media":0,"parent":0,"menu_order":0,"comment_status":"closed","ping_status":"closed","template":"","meta":{"footnotes":""},"class_list":["post-1284","page","type-page","status-publish","hentry"],"_links":{"self":[{"href":"https:\/\/ordinacebucovice.cz\/index.php\/wp-json\/wp\/v2\/pages\/1284","targetHints":{"allow":["GET"]}}],"collection":[{"href":"https:\/\/ordinacebucovice.cz\/index.php\/wp-json\/wp\/v2\/pages"}],"about":[{"href":"https:\/\/ordinacebucovice.cz\/index.php\/wp-json\/wp\/v2\/types\/page"}],"author":[{"embeddable":true,"href":"https:\/\/ordinacebucovice.cz\/index.php\/wp-json\/wp\/v2\/users\/1"}],"replies":[{"embeddable":true,"href":"https:\/\/ordinacebucovice.cz\/index.php\/wp-json\/wp\/v2\/comments?post=1284"}],"version-history":[{"count":1,"href":"https:\/\/ordinacebucovice.cz\/index.php\/wp-json\/wp\/v2\/pages\/1284\/revisions"}],"predecessor-version":[{"id":1286,"href":"https:\/\/ordinacebucovice.cz\/index.php\/wp-json\/wp\/v2\/pages\/1284\/revisions\/1286"}],"wp:attachment":[{"href":"https:\/\/ordinacebucovice.cz\/index.php\/wp-json\/wp\/v2\/media?parent=1284"}],"curies":[{"name":"wp","href":"https:\/\/api.w.org\/{rel}","templated":true}]}}