{"id":1287,"date":"2025-11-22T14:41:05","date_gmt":"2025-11-22T13:41:05","guid":{"rendered":"https:\/\/ordinacebucovice.cz\/?page_id=1287"},"modified":"2025-11-22T14:41:05","modified_gmt":"2025-11-22T13:41:05","slug":"zpracovani-osobnich-udaju","status":"publish","type":"page","link":"https:\/\/ordinacebucovice.cz\/index.php\/zpracovani-osobnich-udaju\/","title":{"rendered":"Zpracov\u00e1n\u00ed osobn\u00edch \u00fadaj\u016f"},"content":{"rendered":"\n<div data-wp-interactive=\"core\/file\" class=\"wp-block-file\"><object data-wp-bind--hidden=\"!state.hasPdfPreview\" hidden class=\"wp-block-file__embed\" data=\"https:\/\/ordinacebucovice.cz\/wp-content\/uploads\/2025\/11\/Informace-pro-pacienty-o-zpracovani-osobnich-udaju-1.pdf\" type=\"application\/pdf\" style=\"width:100%;height:600px\" aria-label=\"Vlo\u017eit z Informace pro pacienty o zpracov\u00e1n\u00ed osobn\u00edch \u00fadaj\u016f.\"><\/object><a id=\"wp-block-file--media-c435e3ad-02fc-423f-9a8e-509488ef9c51\" href=\"https:\/\/ordinacebucovice.cz\/wp-content\/uploads\/2025\/11\/Informace-pro-pacienty-o-zpracovani-osobnich-udaju-1.pdf\">Informace pro pacienty o zpracov\u00e1n\u00ed osobn\u00edch \u00fadaj\u016f<\/a><a href=\"https:\/\/ordinacebucovice.cz\/wp-content\/uploads\/2025\/11\/Informace-pro-pacienty-o-zpracovani-osobnich-udaju-1.pdf\" class=\"wp-block-file__button wp-element-button\" download aria-describedby=\"wp-block-file--media-c435e3ad-02fc-423f-9a8e-509488ef9c51\">St\u00e1hnout<\/a><\/div>\n","protected":false},"excerpt":{"rendered":"","protected":false},"author":1,"featured_media":0,"parent":0,"menu_order":0,"comment_status":"closed","ping_status":"closed","template":"","meta":{"footnotes":""},"class_list":["post-1287","page","type-page","status-publish","hentry"],"_links":{"self":[{"href":"https:\/\/ordinacebucovice.cz\/index.php\/wp-json\/wp\/v2\/pages\/1287","targetHints":{"allow":["GET"]}}],"collection":[{"href":"https:\/\/ordinacebucovice.cz\/index.php\/wp-json\/wp\/v2\/pages"}],"about":[{"href":"https:\/\/ordinacebucovice.cz\/index.php\/wp-json\/wp\/v2\/types\/page"}],"author":[{"embeddable":true,"href":"https:\/\/ordinacebucovice.cz\/index.php\/wp-json\/wp\/v2\/users\/1"}],"replies":[{"embeddable":true,"href":"https:\/\/ordinacebucovice.cz\/index.php\/wp-json\/wp\/v2\/comments?post=1287"}],"version-history":[{"count":1,"href":"https:\/\/ordinacebucovice.cz\/index.php\/wp-json\/wp\/v2\/pages\/1287\/revisions"}],"predecessor-version":[{"id":1289,"href":"https:\/\/ordinacebucovice.cz\/index.php\/wp-json\/wp\/v2\/pages\/1287\/revisions\/1289"}],"wp:attachment":[{"href":"https:\/\/ordinacebucovice.cz\/index.php\/wp-json\/wp\/v2\/media?parent=1287"}],"curies":[{"name":"wp","href":"https:\/\/api.w.org\/{rel}","templated":true}]}}