{"id":140,"date":"2021-01-15T20:30:18","date_gmt":"2021-01-15T19:30:18","guid":{"rendered":"https:\/\/ordinacebucovice.cz\/?page_id=140"},"modified":"2026-01-04T19:15:01","modified_gmt":"2026-01-04T18:15:01","slug":"cenik","status":"publish","type":"page","link":"https:\/\/ordinacebucovice.cz\/index.php\/cenik\/","title":{"rendered":"Cen\u00edk"},"content":{"rendered":"\n<p><strong>U n\u00e1s nelze platit kartou.<\/strong><\/p>\n\n\n\n<p>N\u011bkter\u00e9 \u00fakony nejsou hrazeny zdravotn\u00ed poji\u0161\u0165ovnou, proto je pro n\u011b od 1.1.2026 platn\u00fd n\u00e1sleduj\u00edc\u00ed cen\u00edk:<\/p>\n\n\n\n<figure class=\"wp-block-table is-style-stripes\"><table><tbody><tr><td>Pracovn\u011b l\u00e9ka\u0159sk\u00e1 p\u00e9\u010de \u2013 prohl\u00eddka do zam\u011bstn\u00e1n\u00ed (vstupn\u00ed, periodick\u00e9, mimo\u0159\u00e1dn\u00e9, v\u00fdstupn\u00ed) na \u017e\u00e1dost zam\u011bstnavatele<\/td><td class=\"has-text-align-center\" data-align=\"center\">700 K\u010d<\/td><\/tr><tr><td>V\u00fdpis z dokumentace na \u017e\u00e1dost pacienta nebo zam\u011bstnavatele dle rozsahu<\/td><td class=\"has-text-align-center\" data-align=\"center\">300 K\u010d<\/td><\/tr><tr><td>Vy\u0161et\u0159en\u00ed \u017eadatele o \u0159idi\u010dsk\u00fd pr\u016fkaz \u2013 nov\u00fd, roz\u0161\u00ed\u0159en\u00ed dr\u017eitel\u00e9 \u0158P<\/td><td class=\"has-text-align-center\" data-align=\"center\">700 K\u010d<\/td><\/tr><tr><td>Prodlou\u017een\u00ed \u0159idi\u010dsk\u00e9ho pr\u016fkazu&nbsp;&#8211; v\u011bk nad 70 let<\/td><td class=\"has-text-align-center\" data-align=\"center\">500 K\u010d<\/td><\/tr><tr><td>Vy\u0161et\u0159en\u00ed \u017eadatele k dr\u017een\u00ed zbrojn\u00edho pr\u016fkazu<\/td><td class=\"has-text-align-center\" data-align=\"center\">700 K\u010d<\/td><\/tr><tr><td>Vy\u0161et\u0159en\u00ed \u017eadatele k dr\u017een\u00ed profesn\u00edho nebo zdravotn\u00edho pr\u016fkazu<\/td><td class=\"has-text-align-center\" data-align=\"center\">700 K\u010d<\/td><\/tr><tr><td>Vystaven\u00ed potvrzen\u00ed ke studiu na S\u0160 nebo V\u0160 za 1ks<\/td><td class=\"has-text-align-center\" data-align=\"center\">100 K\u010d<\/td><\/tr><tr><td>Administrativa spojen\u00e1 s \u017eivotn\u00edm a \u00farazov\u00fdm poji\u0161t\u011bn\u00edm<\/td><td class=\"has-text-align-center\" data-align=\"center\">dle slo\u017eitosti,<br>min. 300 K\u010d<\/td><\/tr><tr><td>L\u00e1zn\u011b pro samopl\u00e1tce<\/td><td class=\"has-text-align-center\" data-align=\"center\">300 K\u010d<\/td><\/tr><tr><td>P\u0159edopera\u010dn\u00ed vy\u0161et\u0159en\u00ed &#8211; samopl\u00e1tce \u2013 v\u010detn\u011b EKG, bez laborato\u0159e<\/td><td class=\"has-text-align-center\" data-align=\"center\">700 K\u010d<\/td><\/tr><tr><td>Vypln\u011bn\u00ed formul\u00e1\u0159e pro vstup do v\u0161ech \u00fastav\u016f soci\u00e1ln\u00ed p\u00e9\u010de<\/td><td class=\"has-text-align-center\" data-align=\"center\">300 K\u010d<\/td><\/tr><tr><td>Aplikace o\u010dkovac\u00ed l\u00e1tky, kter\u00e1 nepat\u0159\u00ed mezi povinn\u00e1 o\u010dkov\u00e1n\u00ed (bez o\u010dkovac\u00ed l\u00e1tky)<\/td><td class=\"has-text-align-center\" data-align=\"center\">250 K\u010d<\/td><\/tr><tr><td>Vy\u0161et\u0159en\u00ed okultn\u00edho krv\u00e1cen\u00ed ve stolici standardizovan\u00fdm testem s interpretac\u00ed v\u00fdsledku (pokud nen\u00ed hrazeno zdr. poji\u0161\u0165ovnou)<\/td><td class=\"has-text-align-center\" data-align=\"center\">200 K\u010d<\/td><\/tr><tr><td>Potvrzen\u00ed&nbsp;pro instituce &nbsp;na vlastn\u00ed \u017e\u00e1dost<\/td><td class=\"has-text-align-center\" data-align=\"center\">300 K\u010d<\/td><\/tr><tr><td><\/td><td class=\"has-text-align-center\" data-align=\"center\"><\/td><\/tr><\/tbody><\/table><\/figure>\n\n\n\n<hr class=\"wp-block-separator has-alpha-channel-opacity\"\/>\n\n\n\n<h2 class=\"wp-block-heading\"><strong>O\u010dkov\u00e1n\u00ed&nbsp; &#8211; nehrazen\u00e9 poji\u0161\u0165ovnami<\/strong> <\/h2>\n\n\n\n<p><strong>Ceny vakc\u00edn se ka\u017ed\u00fd m\u011bs\u00edc mohou m\u011bnit, v&nbsp;z\u00e1vislosti na cen\u011b od dodavatele.<\/strong><\/p>\n\n\n\n<p><strong>Uveden\u00e9 ceny jsou za jednotlivou d\u00e1vku v\u010detn\u011b aplikace, pokud nen\u00ed uvedeno jinak.<\/strong><\/p>\n\n\n\n<div class=\"wp-block-columns is-layout-flex wp-container-core-columns-is-layout-9d6595d7 wp-block-columns-is-layout-flex\">\n<div class=\"wp-block-column is-vertically-aligned-center is-layout-flow wp-block-column-is-layout-flow\" style=\"flex-basis:100%\">\n<figure class=\"wp-block-table is-style-stripes\"><table><tbody><tr><td class=\"has-text-align-left\" data-align=\"left\">Ch\u0159ipka \u2013 vakc\u00edna &nbsp;influvac <br>&#8211; poji\u0161\u0165ovnami hrazena nad 65 let a p\u0159i n\u011bkter\u00fdch chorob\u00e1ch<\/td><td class=\"has-text-align-center\" data-align=\"center\">600 K\u010d<\/td><\/tr><tr><td class=\"has-text-align-left\" data-align=\"left\">Kl\u00ed\u0161\u0165ov\u00e1 meningoencefalitida <br>&#8211; vakc\u00edna FSME-Immun 0,5ml, o\u010dkovac\u00ed sch\u00e9ma 0,1-3 m\u011bs\u00edc\u016f, 5-12 m\u011bs\u00edc\u016f, n\u00e1sledn\u011b p\u0159eo\u010dkov\u00e1n\u00ed za 3-5 let, poji\u0161\u0165ovna hrad\u00ed od 50 let.<\/td><td class=\"has-text-align-center\" data-align=\"center\">1200 K\u010d<\/td><\/tr><tr><td class=\"has-text-align-left\" data-align=\"left\">Virov\u00e1 hepatitida A (\u017eloutenka) \u2013 vakc\u00edna Havrix <br>&#8211; o\u010dkovac\u00ed sch\u00e9ma 0,6-12 m\u011bs\u00edc\u016f<\/td><td class=\"has-text-align-center\" data-align=\"center\">1700 K\u010d<\/td><\/tr><tr><td class=\"has-text-align-left\" data-align=\"left\">Virov\u00e1 hepatitida B (\u017eloutenka)- vakc\u00edna Engerix <br>&#8211; o\u010dkovac\u00ed sch\u00e9ma 0,1,6 m\u011bs\u00edc\u016f<\/td><td class=\"has-text-align-center\" data-align=\"center\">1100 K\u010d<\/td><\/tr><tr><td class=\"has-text-align-left\" data-align=\"left\">Virov\u00e1 hepatitida A a B &#8211; kombinovan\u00e1 vakc\u00edna Twinrix<br>&#8211; o\u010dkovac\u00ed sch\u00e9ma 0,1,6 m\u011bs\u00edc\u016f<\/td><td class=\"has-text-align-center\" data-align=\"center\">2100 K\u010d<\/td><\/tr><tr><td class=\"has-text-align-left\" data-align=\"left\">Tetanus, \u010dern\u00fd ka\u0161el a z\u00e1\u0161krt \u2013 kombinovan\u00e1 vakc\u00edna Boostrix, Adacel<br>&#8211; pod\u00e1v\u00e1 se jedna d\u00e1vka v&nbsp;dob\u011b p\u0159eo\u010dkov\u00e1n\u00ed proti tetanu nebo nejd\u0159\u00edve 1 rok po p\u0159edchoz\u00edm o\u010dkov\u00e1n\u00ed proti tetanu<\/td><td class=\"has-text-align-center\" data-align=\"center\">1000 K\u010d<\/td><\/tr><tr><td class=\"has-text-align-left\" data-align=\"left\">Pneumokokov\u00e9 infekce <br>&#8211; pod\u00e1v\u00e1 se 1 d\u00e1vka<\/td><td class=\"has-text-align-center\" data-align=\"center\">2000 K\u010d<\/td><\/tr><tr><td class=\"has-text-align-left\" data-align=\"left\">Plan\u00e9 ne\u0161tovice <br>&#8211; vakc\u00edna Varilrix, celkov\u011b 2 d\u00e1vky (2. d\u00e1vka nejm\u00e9n\u011b 6 t\u00fddn\u016f po prvn\u00ed d\u00e1vce)<\/td><td class=\"has-text-align-center\" data-align=\"center\">1900 K\u010d<\/td><\/tr><tr><td class=\"has-text-align-left\" data-align=\"left\">Meningokokov\u00e9 infekce \u2013 vakc\u00edna Bexsero, Trumenba (meningokoky skupiny B)<br>&#8211; 2 d\u00e1vky s&nbsp;odstupem minim\u00e1ln\u011b 1 m\u011bs\u00edc<\/td><td class=\"has-text-align-center\" data-align=\"center\">2250 K\u010d<\/td><\/tr><tr><td class=\"has-text-align-left\" data-align=\"left\">Meningokokov\u00e9 infekce \u2013 vakc\u00edna Nimenrix (meningokoky skupiny A,C, W135,Y)<br>&#8211; pod\u00e1v\u00e1 se 1 d\u00e1vka<\/td><td class=\"has-text-align-center\" data-align=\"center\">1500 K\u010d<\/td><\/tr><tr><td class=\"has-text-align-left\" data-align=\"left\">P\u00e1sov\u00fd opar \u2013 vakc\u00edna Shingrix <br>&#8211; pod\u00e1v\u00e1 se 1 d\u00e1vka<\/td><td class=\"has-text-align-center\" data-align=\"center\">5600 K\u010d<\/td><\/tr><tr><td class=\"has-text-align-left\" data-align=\"left\">RS virus \u2013 vakc\u00edny Arexvy, Abrysvo <br>&#8211; pod\u00e1v\u00e1 se 1 d\u00e1vka od 60let v\u011bku<\/td><td class=\"has-text-align-center\" data-align=\"center\">5450 K\u010d<\/td><\/tr><tr><td class=\"has-text-align-left\" data-align=\"left\"><\/td><td class=\"has-text-align-center\" data-align=\"center\"><\/td><\/tr><\/tbody><\/table><\/figure>\n<\/div>\n<\/div>\n\n\n\n<p><\/p>\n","protected":false},"excerpt":{"rendered":"<p>U n\u00e1s nelze platit kartou. N\u011bkter\u00e9 \u00fakony nejsou hrazeny zdravotn\u00ed poji\u0161\u0165ovnou, proto je pro n\u011b od 1.1.2026 platn\u00fd n\u00e1sleduj\u00edc\u00ed cen\u00edk: &hellip; <\/p>\n","protected":false},"author":1,"featured_media":0,"parent":0,"menu_order":0,"comment_status":"closed","ping_status":"closed","template":"","meta":{"footnotes":""},"class_list":["post-140","page","type-page","status-publish","hentry"],"_links":{"self":[{"href":"https:\/\/ordinacebucovice.cz\/index.php\/wp-json\/wp\/v2\/pages\/140","targetHints":{"allow":["GET"]}}],"collection":[{"href":"https:\/\/ordinacebucovice.cz\/index.php\/wp-json\/wp\/v2\/pages"}],"about":[{"href":"https:\/\/ordinacebucovice.cz\/index.php\/wp-json\/wp\/v2\/types\/page"}],"author":[{"embeddable":true,"href":"https:\/\/ordinacebucovice.cz\/index.php\/wp-json\/wp\/v2\/users\/1"}],"replies":[{"embeddable":true,"href":"https:\/\/ordinacebucovice.cz\/index.php\/wp-json\/wp\/v2\/comments?post=140"}],"version-history":[{"count":32,"href":"https:\/\/ordinacebucovice.cz\/index.php\/wp-json\/wp\/v2\/pages\/140\/revisions"}],"predecessor-version":[{"id":1353,"href":"https:\/\/ordinacebucovice.cz\/index.php\/wp-json\/wp\/v2\/pages\/140\/revisions\/1353"}],"wp:attachment":[{"href":"https:\/\/ordinacebucovice.cz\/index.php\/wp-json\/wp\/v2\/media?parent=140"}],"curies":[{"name":"wp","href":"https:\/\/api.w.org\/{rel}","templated":true}]}}