{"id":212,"date":"2021-01-19T20:23:35","date_gmt":"2021-01-19T19:23:35","guid":{"rendered":"https:\/\/ordinacebucovice.cz\/?page_id=212"},"modified":"2025-11-22T14:45:16","modified_gmt":"2025-11-22T13:45:16","slug":"prakticke-informace","status":"publish","type":"page","link":"https:\/\/ordinacebucovice.cz\/index.php\/prakticke-informace\/","title":{"rendered":"Praktick\u00e9 informace"},"content":{"rendered":"\n<p>Na t\u011bchto str\u00e1nk\u00e1ch naleznete praktick\u00e9 informace k r\u016fzn\u00fdm t\u00e9mat\u016fm.<\/p>\n\n\n\n<div class=\"wp-block-buttons is-layout-flex wp-block-buttons-is-layout-flex\">\n<div class=\"wp-block-button has-custom-width wp-block-button__width-100 is-style-outline is-style-outline--1\"><a class=\"wp-block-button__link has-black-color has-text-color has-background has-medium-font-size has-custom-font-size wp-element-button\" href=\"https:\/\/ordinacebucovice.cz\/index.php\/ockovani\/\" style=\"background-color:#38d826\"><strong>O\u010dkov\u00e1n\u00ed<\/strong><\/a><\/div>\n\n\n\n<div class=\"wp-block-button has-custom-width wp-block-button__width-100 is-style-outline is-style-outline--2\"><a class=\"wp-block-button__link has-black-color has-text-color has-background has-medium-font-size has-custom-font-size wp-element-button\" href=\"https:\/\/ordinacebucovice.cz\/index.php\/Prispevky\/\" style=\"background-color:#38d826\"><strong>P\u0159\u00edsp\u011bvky<\/strong><\/a><\/div>\n\n\n\n<div class=\"wp-block-button has-custom-width wp-block-button__width-100 is-style-outline is-style-outline--3\"><a class=\"wp-block-button__link has-black-color has-text-color has-background has-medium-font-size has-custom-font-size wp-element-button\" href=\"https:\/\/ordinacebucovice.cz\/index.php\/Prispevky\/\" style=\"background-color:#38d826\"><strong>L\u00e1zn\u011b<\/strong><\/a><\/div>\n\n\n\n<div class=\"wp-block-button has-custom-width wp-block-button__width-100 is-style-outline is-style-outline--4\"><a class=\"wp-block-button__link has-black-color has-text-color has-background has-medium-font-size has-custom-font-size wp-element-button\" href=\"https:\/\/ordinacebucovice.cz\/index.php\/prukazy\/\" style=\"background-color:#38d826\"><strong>Pr\u016fkazy<\/strong><\/a><\/div>\n\n\n\n<div class=\"wp-block-button has-custom-width wp-block-button__width-100 is-style-outline is-style-outline--5\"><a class=\"wp-block-button__link has-black-color has-text-color has-background has-medium-font-size has-custom-font-size wp-element-button\" href=\"https:\/\/ordinacebucovice.cz\/index.php\/preventivni-prohlidky\/\" style=\"background-color:#38d826\"><strong>Preventivn\u00ed prohl\u00eddky<\/strong><\/a><\/div>\n<\/div>\n\n\n\n<p><\/p>\n","protected":false},"excerpt":{"rendered":"<p>Na t\u011bchto str\u00e1nk\u00e1ch naleznete praktick\u00e9 informace k r\u016fzn\u00fdm t\u00e9mat\u016fm.<\/p>\n","protected":false},"author":1,"featured_media":0,"parent":0,"menu_order":0,"comment_status":"closed","ping_status":"closed","template":"","meta":{"footnotes":""},"class_list":["post-212","page","type-page","status-publish","hentry"],"_links":{"self":[{"href":"https:\/\/ordinacebucovice.cz\/index.php\/wp-json\/wp\/v2\/pages\/212","targetHints":{"allow":["GET"]}}],"collection":[{"href":"https:\/\/ordinacebucovice.cz\/index.php\/wp-json\/wp\/v2\/pages"}],"about":[{"href":"https:\/\/ordinacebucovice.cz\/index.php\/wp-json\/wp\/v2\/types\/page"}],"author":[{"embeddable":true,"href":"https:\/\/ordinacebucovice.cz\/index.php\/wp-json\/wp\/v2\/users\/1"}],"replies":[{"embeddable":true,"href":"https:\/\/ordinacebucovice.cz\/index.php\/wp-json\/wp\/v2\/comments?post=212"}],"version-history":[{"count":8,"href":"https:\/\/ordinacebucovice.cz\/index.php\/wp-json\/wp\/v2\/pages\/212\/revisions"}],"predecessor-version":[{"id":1294,"href":"https:\/\/ordinacebucovice.cz\/index.php\/wp-json\/wp\/v2\/pages\/212\/revisions\/1294"}],"wp:attachment":[{"href":"https:\/\/ordinacebucovice.cz\/index.php\/wp-json\/wp\/v2\/media?parent=212"}],"curies":[{"name":"wp","href":"https:\/\/api.w.org\/{rel}","templated":true}]}}