{"id":224,"date":"2021-01-19T20:34:17","date_gmt":"2021-01-19T19:34:17","guid":{"rendered":"https:\/\/ordinacebucovice.cz\/?page_id=224"},"modified":"2022-02-22T20:58:17","modified_gmt":"2022-02-22T19:58:17","slug":"prispevky","status":"publish","type":"page","link":"https:\/\/ordinacebucovice.cz\/index.php\/prispevky\/","title":{"rendered":"P\u0159\u00edsp\u011bvky"},"content":{"rendered":"\n<h4 class=\"wp-block-heading\" id=\"invalidita\"><strong>INVALIDITA<\/strong><\/h4>\n\n\n\n<p><strong>Invalidita je nov\u011b vymezena jako pokles pracovn\u00ed schopnosti, kter\u00fd nastal z d\u016fvodu dlouhodob\u011b nep\u0159\u00edzniv\u00e9ho zdravotn\u00edho stavu, a to v rozsahu nejm\u00e9n\u011b o 35 %. Podle m\u00edry poklesu pracovn\u00ed schopnosti poji\u0161t\u011bnce z\u00e1kon o d\u016fchodov\u00e9m poji\u0161t\u011bn\u00ed rozli\u0161uje 3 stupn\u011b invalidity.<\/strong><\/p>\n\n\n\n<p><strong>Jestli\u017ee pracovn\u00ed schopnost poji\u0161t\u011bnce poklesla:<\/strong><\/p>\n\n\n\n<ul class=\"wp-block-list\"><li><strong>nejm\u00e9n\u011b o 35 %, av\u0161ak nejv\u00edce o 49 %<\/strong>, jedn\u00e1 se o invaliditu prvn\u00edho stupn\u011b<\/li><li><strong>nejm\u00e9n\u011b o 50 %, av\u0161ak nejv\u00edce o 69 %<\/strong>, jedn\u00e1 se o invaliditu druh\u00e9ho stupn\u011b<\/li><li><strong>nejm\u00e9n\u011b o 70 %<\/strong>, jedn\u00e1 se o invaliditu t\u0159et\u00edho stupn\u011b<\/li><\/ul>\n\n\n\n<p>\u017d\u00e1dost o invalidn\u00ed d\u016fchod m\u016f\u017ee podat na \u00fa\u0159adu OSSZ (Okresn\u00ed spr\u00e1vy soci\u00e1ln\u00edho zabezpe\u010den\u00ed) dle m\u00edsta trval\u00e9ho bydli\u0161t\u011b:<\/p>\n\n\n\n<ul class=\"wp-block-list\"><li>opr\u00e1vn\u011bn\u00e1 osoba,<\/li><li>opatrovn\u00edk opr\u00e1vn\u011bn\u00e9 osoby (jej\u00ed\u017e sv\u00e9pr\u00e1vnost byla omezena v takov\u00e9m rozsahu, \u017ee nen\u00ed schopna v t\u00e9to v\u011bci samostatn\u011b pr\u00e1vn\u011b jednat).<\/li><li>Za ob\u010dany, kte\u0159\u00ed vzhledem ke sv\u00e9mu zdravotn\u00edmu stavu nemohou sami pod\u00e1vat \u017e\u00e1dost o d\u00e1vku d\u016fchodov\u00e9ho poji\u0161t\u011bn\u00ed, mohou s jejich souhlasem a na z\u00e1klad\u011b potvrzen\u00ed l\u00e9ka\u0159e o zdravotn\u00edm stavu t\u011bchto ob\u010dan\u016f podat tuto \u017e\u00e1dost jejich rodinn\u00ed p\u0159\u00edslu\u0161n\u00edci.<\/li><\/ul>\n\n\n\n<p>Po pod\u00e1n\u00ed \u017e\u00e1dosti je nezbytn\u00e9 vy\u0161et\u0159en\u00ed zdravotn\u00edho stavu pacienta sv\u00fdm praktick\u00fdm l\u00e9ka\u0159em, sou\u010dasn\u011b je nutn\u00e9 dolo\u017een\u00ed ve\u0161ker\u00fdch vy\u0161et\u0159en\u00ed specialistou.<\/p>\n\n\n\n<p><strong>O p\u0159\u00edsp\u011bvek na p\u00e9\u010di se \u017e\u00e1d\u00e1 m\u00edstn\u011b p\u0159\u00edslu\u0161n\u00e9m \u00da\u0159ad\u011b pr\u00e1ce , p\u0159\u00edsp\u011bvek n\u00e1le\u017e\u00ed osob\u011b, o kterou je pe\u010dov\u00e1no, nikoli osob\u011b, kter\u00e1 p\u00e9\u010di zaji\u0161\u0165uje. \u017dadatel je povinen se podrobit soci\u00e1ln\u00edmu \u0161et\u0159en\u00ed a n\u00e1sledn\u011b vy\u0161et\u0159en\u00ed zdravotn\u00edho stavu nej\u010dast\u011bji sv\u00fdm praktick\u00fdm l\u00e9ka\u0159em.<\/strong><\/p>\n\n\n\n<p><strong>V\u00edce informac\u00ed na <a rel=\"noreferrer noopener\" href=\"http:\/\/www.cssz.cz\" target=\"_blank\">www.cssz.cz<\/a><\/strong><\/p>\n","protected":false},"excerpt":{"rendered":"<p>INVALIDITA Invalidita je nov\u011b vymezena jako pokles pracovn\u00ed schopnosti, kter\u00fd nastal z d\u016fvodu dlouhodob\u011b nep\u0159\u00edzniv\u00e9ho zdravotn\u00edho stavu, a to v &hellip; <\/p>\n","protected":false},"author":1,"featured_media":0,"parent":0,"menu_order":0,"comment_status":"closed","ping_status":"closed","template":"","meta":{"footnotes":""},"class_list":["post-224","page","type-page","status-publish","hentry"],"_links":{"self":[{"href":"https:\/\/ordinacebucovice.cz\/index.php\/wp-json\/wp\/v2\/pages\/224","targetHints":{"allow":["GET"]}}],"collection":[{"href":"https:\/\/ordinacebucovice.cz\/index.php\/wp-json\/wp\/v2\/pages"}],"about":[{"href":"https:\/\/ordinacebucovice.cz\/index.php\/wp-json\/wp\/v2\/types\/page"}],"author":[{"embeddable":true,"href":"https:\/\/ordinacebucovice.cz\/index.php\/wp-json\/wp\/v2\/users\/1"}],"replies":[{"embeddable":true,"href":"https:\/\/ordinacebucovice.cz\/index.php\/wp-json\/wp\/v2\/comments?post=224"}],"version-history":[{"count":6,"href":"https:\/\/ordinacebucovice.cz\/index.php\/wp-json\/wp\/v2\/pages\/224\/revisions"}],"predecessor-version":[{"id":712,"href":"https:\/\/ordinacebucovice.cz\/index.php\/wp-json\/wp\/v2\/pages\/224\/revisions\/712"}],"wp:attachment":[{"href":"https:\/\/ordinacebucovice.cz\/index.php\/wp-json\/wp\/v2\/media?parent=224"}],"curies":[{"name":"wp","href":"https:\/\/api.w.org\/{rel}","templated":true}]}}