{"id":234,"date":"2021-01-19T20:39:03","date_gmt":"2021-01-19T19:39:03","guid":{"rendered":"https:\/\/ordinacebucovice.cz\/?page_id=234"},"modified":"2021-02-23T22:17:57","modified_gmt":"2021-02-23T21:17:57","slug":"prukazy","status":"publish","type":"page","link":"https:\/\/ordinacebucovice.cz\/index.php\/prukazy\/","title":{"rendered":"Pr\u016fkazy"},"content":{"rendered":"\n<p><strong>\u0158idi\u010dsk\u00fd pr\u016fkaz<\/strong><\/p>\n\n\n\n<p><strong>L\u00e9ka\u0159sk\u00e1 prohl\u00eddka a vyd\u00e1n\u00ed l\u00e9ka\u0159sk\u00e9ho posudku se prov\u00e1d\u00ed v&nbsp;65 , 68 letech a d\u00e1le ka\u017ed\u00e9 2 roky, term\u00edn prohl\u00eddky by m\u011bl b\u00fdt k&nbsp;datu narozen\u00ed nebo m\u011bs\u00edc p\u0159ed.<\/strong><\/p>\n\n\n\n<p>Z\u00e1konem byla zavedena tak\u00e9 povinnost podrobit se <strong>dopravn\u011b-psychologick\u00e9mu vy\u0161et\u0159en\u00ed<\/strong> pro \u017eadatele o \u0159idi\u010dsk\u00e9 opr\u00e1vn\u011bn\u00ed nebo dr\u017eitele \u0159idi\u010dsk\u00e9ho opr\u00e1vn\u011bn\u00ed <strong>C, C+E, C1+E, D, D+E, D1 a D1+E<\/strong> p\u0159ed zah\u00e1jen\u00edm v\u00fdkonu \u010dinnosti a pot\u00e9 nejd\u0159\u00edve \u0161est m\u011bs\u00edc\u016f p\u0159ed dovr\u0161en\u00edm 50 let a nejpozd\u011bji v den dovr\u0161en\u00ed 50 let a d\u00e1le pak ka\u017ed\u00fdch p\u011bt let.<\/p>\n\n\n\n<p><strong>Potravin\u00e1\u0159sk\u00fd pr\u016fkaz<\/strong><\/p>\n\n\n\n<p><strong>Pr\u016fkazem l\u00e9ka\u0159 stvrzuje, \u017ee pacient nen\u00ed naka\u017een \u017e\u00e1dnou infek\u010dn\u00ed nemoc\u00ed, je zdravotn\u011b zp\u016fsobil\u00fd pr\u00e1ce s potravinami a byl sezn\u00e1men se z\u00e1kladn\u00edmi hygienick\u00fdmi p\u0159edpisy<\/strong><\/p>\n\n\n\n<p><strong>Zbrojn\u00ed pr\u016fkaz<\/strong><\/p>\n\n\n\n<p><strong>Je nutn\u00e9 vy\u0161et\u0159en\u00ed zdravotn\u00edho stavu pacienta se zam\u011b\u0159en\u00edm na du\u0161evn\u00ed poruchy, u\u017e\u00edv\u00e1n\u00ed psychotropn\u00edch l\u00e1tek, poruchy chov\u00e1n\u00ed, vy\u0161et\u0159en\u00ed zraku, sluchu a jin\u00e1 onemocn\u011bn\u00ed vylu\u010duj\u00edc\u00ed bezpe\u010dn\u00e9 pou\u017e\u00edv\u00e1n\u00ed zbran\u011b. <\/strong>Doba platnosti zbrojn\u00edho pr\u016fkazu je 10 let; zbrojn\u00ed pr\u016fkaz lze vydat na z\u00e1klad\u011b posudku o zdravotn\u00ed zp\u016fsobilosti s dobou platnosti krat\u0161\u00ed ne\u017e 10 let.&nbsp;Zbrojn\u00ed pr\u016fkaz se rozli\u0161uje podle \u00fa\u010delu u\u017e\u00edv\u00e1n\u00ed zbran\u011b nebo st\u0159eliva a podle rozsahu opr\u00e1vn\u011bn\u00ed do n\u00e1sleduj\u00edc\u00edch skupin:<br>A \u2013 ke sb\u011bratelsk\u00fdm \u00fa\u010del\u016fm<br>B \u2013 ke sportovn\u00edm \u00fa\u010del\u016fm<br>C \u2013 k loveck\u00fdm \u00fa\u010del\u016fm<br>D \u2013 k v\u00fdkonu zam\u011bstn\u00e1n\u00ed nebo povol\u00e1n\u00ed<br>E \u2013 k ochran\u011b \u017eivota, zdrav\u00ed nebo majetku<br>F \u2013 k prov\u00e1d\u011bn\u00ed pyrotechnick\u00e9ho pr\u016fzkumu<\/p>\n","protected":false},"excerpt":{"rendered":"<p>\u0158idi\u010dsk\u00fd pr\u016fkaz L\u00e9ka\u0159sk\u00e1 prohl\u00eddka a vyd\u00e1n\u00ed l\u00e9ka\u0159sk\u00e9ho posudku se prov\u00e1d\u00ed v&nbsp;65 , 68 letech a d\u00e1le ka\u017ed\u00e9 2 roky, term\u00edn &hellip; <\/p>\n","protected":false},"author":1,"featured_media":0,"parent":0,"menu_order":0,"comment_status":"closed","ping_status":"closed","template":"","meta":{"footnotes":""},"class_list":["post-234","page","type-page","status-publish","hentry"],"_links":{"self":[{"href":"https:\/\/ordinacebucovice.cz\/index.php\/wp-json\/wp\/v2\/pages\/234","targetHints":{"allow":["GET"]}}],"collection":[{"href":"https:\/\/ordinacebucovice.cz\/index.php\/wp-json\/wp\/v2\/pages"}],"about":[{"href":"https:\/\/ordinacebucovice.cz\/index.php\/wp-json\/wp\/v2\/types\/page"}],"author":[{"embeddable":true,"href":"https:\/\/ordinacebucovice.cz\/index.php\/wp-json\/wp\/v2\/users\/1"}],"replies":[{"embeddable":true,"href":"https:\/\/ordinacebucovice.cz\/index.php\/wp-json\/wp\/v2\/comments?post=234"}],"version-history":[{"count":4,"href":"https:\/\/ordinacebucovice.cz\/index.php\/wp-json\/wp\/v2\/pages\/234\/revisions"}],"predecessor-version":[{"id":350,"href":"https:\/\/ordinacebucovice.cz\/index.php\/wp-json\/wp\/v2\/pages\/234\/revisions\/350"}],"wp:attachment":[{"href":"https:\/\/ordinacebucovice.cz\/index.php\/wp-json\/wp\/v2\/media?parent=234"}],"curies":[{"name":"wp","href":"https:\/\/api.w.org\/{rel}","templated":true}]}}