{"id":242,"date":"2021-01-19T20:43:59","date_gmt":"2021-01-19T19:43:59","guid":{"rendered":"https:\/\/ordinacebucovice.cz\/?page_id=242"},"modified":"2021-02-23T20:51:23","modified_gmt":"2021-02-23T19:51:23","slug":"preventivni-prohlidky","status":"publish","type":"page","link":"https:\/\/ordinacebucovice.cz\/index.php\/preventivni-prohlidky\/","title":{"rendered":"Preventivn\u00ed prohl\u00eddky"},"content":{"rendered":"\n<p><strong>PREVENTIVN\u00cd PROHL\u00cdDKA<\/strong>&nbsp;je hrazena Va\u0161\u00ed zdravotn\u00ed poji\u0161\u0165ovnou 1x za 2 roky.<br>Jej\u00ed sou\u010d\u00e1st\u00ed je dopln\u011bn\u00ed anamn\u00e9zy, celkov\u00e9 vy\u0161et\u0159en\u00ed, kontrola o\u010dkov\u00e1n\u00ed a z\u00e1kladn\u00ed krevn\u00ed odb\u011bry a mo\u010d.<\/p>\n\n\n\n<p>Od 40ti let 1x za 4 roky <strong>EKG<\/strong>.<\/p>\n\n\n\n<p>Od 50 ti let do 54 let 1x ro\u010dn\u011b <strong>stolice<\/strong> na okultn\u00ed (skryt\u00e9) krv\u00e1cen\u00ed, d\u00e1le v 55 letech m\u00e1 pacient mo\u017enost se rozhodnout pro <strong>kolonoskopii<\/strong> nebo pokra\u010dovat ve vy\u0161et\u0159ov\u00e1n\u00ed stolice na OK 1x za 2 roky.<\/p>\n\n\n\n<p>U \u017een je <strong>mamografick\u00e9<\/strong> vy\u0161et\u0159en\u00ed od 45 let 1x za 2 roky.<\/p>\n\n\n\n<p><strong>Z LABORATO\u0158\u00cd JSOU HRAZENA TATO VY\u0160ET\u0158EN\u00cd:<\/strong><br><strong>1.<\/strong> <strong>Cholesterol<\/strong>, HDL \u2013 chol., LDL \u2013 chol. a triglyceridy p\u0159i prvn\u00ed prohl\u00eddce p\u0159i p\u0159echodu od \u201ed\u011btsk\u00e9ho\u201c l\u00e9ka\u0159e k praktikovi a d\u00e1le ve v\u011bku 30, 40, 50 a 60 let.<br><strong>2. Glykemie<\/strong> \u2013 p\u0159i p\u0159echodu od \u201ed\u011btsk\u00e9ho\u201c l\u00e9ka\u0159e k praktikovi a d\u00e1le od 40ti let v\u011bku ve dvoulet\u00fdch intervalech.<\/p>\n","protected":false},"excerpt":{"rendered":"<p>PREVENTIVN\u00cd PROHL\u00cdDKA&nbsp;je hrazena Va\u0161\u00ed zdravotn\u00ed poji\u0161\u0165ovnou 1x za 2 roky.Jej\u00ed sou\u010d\u00e1st\u00ed je dopln\u011bn\u00ed anamn\u00e9zy, celkov\u00e9 vy\u0161et\u0159en\u00ed, kontrola o\u010dkov\u00e1n\u00ed a z\u00e1kladn\u00ed &hellip; <\/p>\n","protected":false},"author":1,"featured_media":0,"parent":0,"menu_order":0,"comment_status":"closed","ping_status":"closed","template":"","meta":{"footnotes":""},"class_list":["post-242","page","type-page","status-publish","hentry"],"_links":{"self":[{"href":"https:\/\/ordinacebucovice.cz\/index.php\/wp-json\/wp\/v2\/pages\/242","targetHints":{"allow":["GET"]}}],"collection":[{"href":"https:\/\/ordinacebucovice.cz\/index.php\/wp-json\/wp\/v2\/pages"}],"about":[{"href":"https:\/\/ordinacebucovice.cz\/index.php\/wp-json\/wp\/v2\/types\/page"}],"author":[{"embeddable":true,"href":"https:\/\/ordinacebucovice.cz\/index.php\/wp-json\/wp\/v2\/users\/1"}],"replies":[{"embeddable":true,"href":"https:\/\/ordinacebucovice.cz\/index.php\/wp-json\/wp\/v2\/comments?post=242"}],"version-history":[{"count":1,"href":"https:\/\/ordinacebucovice.cz\/index.php\/wp-json\/wp\/v2\/pages\/242\/revisions"}],"predecessor-version":[{"id":243,"href":"https:\/\/ordinacebucovice.cz\/index.php\/wp-json\/wp\/v2\/pages\/242\/revisions\/243"}],"wp:attachment":[{"href":"https:\/\/ordinacebucovice.cz\/index.php\/wp-json\/wp\/v2\/media?parent=242"}],"curies":[{"name":"wp","href":"https:\/\/api.w.org\/{rel}","templated":true}]}}