{"id":244,"date":"2021-01-19T20:44:43","date_gmt":"2021-01-19T19:44:43","guid":{"rendered":"https:\/\/ordinacebucovice.cz\/?page_id=244"},"modified":"2026-03-31T18:39:33","modified_gmt":"2026-03-31T16:39:33","slug":"ockovani","status":"publish","type":"page","link":"https:\/\/ordinacebucovice.cz\/index.php\/ockovani\/","title":{"rendered":"O\u010dkov\u00e1n\u00ed"},"content":{"rendered":"\n<div class=\"wp-block-buttons is-layout-flex wp-block-buttons-is-layout-flex\">\n<div class=\"wp-block-button is-style-outline is-style-outline--1\"><a class=\"wp-block-button__link has-black-color has-text-color has-background wp-element-button\" href=\"https:\/\/ordinacebucovice.cz\/index.php\/ockovani-proti-covid-19\/\" style=\"background-color:#38d826\"><strong>O\u010dkov\u00e1n\u00ed proti COVID-19<\/strong><\/a><\/div>\n<\/div>\n\n\n\n<hr class=\"wp-block-separator has-alpha-channel-opacity\"\/>\n\n\n\n<h3 class=\"wp-block-heading\">Z n\u00e1sleduj\u00edc\u00edch d\u016fvod\u016f doporu\u010dujeme o\u010dkovat se proti COVID-19<\/h3>\n\n\n\n<ul class=\"wp-block-list\">\n<li>sn\u00ed\u017e\u00edte riziko infekce coronavirem<\/li>\n\n\n\n<li>sn\u00ed\u017e\u00edte riziko komplikovan\u00e9ho pr\u016fb\u011bhu onemocn\u011bn\u00ed<\/li>\n\n\n\n<li>v p\u0159\u00edpad\u011b n\u00e1kazy se zpomal\u00ed p\u0159enos infekce<\/li>\n<\/ul>\n\n\n\n<hr class=\"wp-block-separator has-css-opacity\"\/>\n\n\n\n<p><strong>POVINN\u00c9 O\u010cKOV\u00c1N\u00cd<\/strong>&nbsp;(hrazen\u00e9 zdravotn\u00ed poji\u0161\u0165ovnou) je o\u010dkov\u00e1n\u00ed <strong>proti tetanu.<\/strong><br>TAT \u2013 o\u010dkuje se v d\u011btstv\u00ed, posledn\u00ed d\u00e1vka v 10ti letech, p\u0159eo\u010dkov\u00e1n\u00ed po 10- 15ti letech, od 60ti let po 10ti letech. Po \u00farazech je nutn\u00e9 p\u0159eo\u010dkov\u00e1n\u00ed proti tetanu , pokud od posledn\u00edho o\u010dkov\u00e1n\u00ed&nbsp; ub\u011bhla doba del\u0161\u00ed 5 let.<\/p>\n\n\n\n<p><strong>DAL\u0160\u00cd MO\u017dNOSTI O\u010cKOV\u00c1N\u00cd:<\/strong><br><strong>Proti tetanu, \u010dern\u00e9mu ka\u0161li a z\u00e1\u0161krtu<\/strong> \u2013 o\u010dkovac\u00ed l\u00e1tka ADACEL, BOOSTRIX \u2013 kdykoliv p\u0159i p\u0159eo\u010dkov\u00e1n\u00ed proti tetanu. Velmi vhodn\u00e9 pro \u017eeny pl\u00e1nuj\u00edc\u00ed t\u011bhotenstv\u00ed. O\u010dkov\u00e1n\u00ed nen\u00ed hrazeno zdravotn\u00edmi poji\u0161\u0165ovnami, cena 1.000 K\u010d.<\/p>\n\n\n\n<p><strong>Proti virov\u00e9 \u017eloutence typu A<\/strong> \u2013 o\u010dkovac\u00ed l\u00e1tka HAVRIX \u2013 1. d\u00e1vka, 2. d\u00e1vka za 6-12 m\u011bs\u00edc\u016f, ev. l\u00e1tka AVAXIM 160 U \u2013 ke kr\u00e1tkodob\u00e9 ochran\u011b (p\u0159i rychl\u00e9m vycestov\u00e1n\u00ed) 1. d\u00e1vka, pro pos\u00edlen\u00ed imunity 2. d\u00e1vka za 6 \u2013 12 m\u011bs\u00edc\u016f, dal\u0161\u00ed p\u0159eo\u010dkov\u00e1n\u00ed po 10ti letech<\/p>\n\n\n\n<p><strong>Proti virov\u00e9 \u017eloutence typu B<\/strong> \u2013 o\u010dkovac\u00ed l\u00e1tka ENGERIX \u2013 1. d\u00e1vka, 2. d\u00e1vka za m\u011bs\u00edc, 3. d\u00e1vka za 5 m\u011bs\u00edc\u016f po druh\u00e9 d\u00e1vce. Toto o\u010dkov\u00e1n\u00ed je ji\u017e zavedeno povinn\u011b do o\u010dkovac\u00edho kalend\u00e1\u0159e d\u011bt\u00ed. Pracovn\u00edci ve zdravotnictv\u00ed&nbsp; mus\u00ed b\u00fdt povinn\u011b touto vakc\u00ednou o\u010dkov\u00e1ni.<\/p>\n\n\n\n<p><strong>Kombinace proti \u017eloutence typu A+B<\/strong> \u2013 o\u010dkovac\u00ed l\u00e1tka TWINRIX \u2013 1.d\u00e1vka, 2.d\u00e1vka za m\u011bs\u00edc, 3. d\u00e1vka za 5 m\u011bs\u00edc\u016f po druh\u00e9 d\u00e1vce<\/p>\n\n\n\n<p><strong>Proti kl\u00ed\u0161\u0165ov\u00e9 encefalitid\u011b<\/strong> \u2013 o\u010dkovac\u00ed l\u00e1tka FSME- IMMUN \u2013 1. d\u00e1vka, 2. d\u00e1vka za 1-3 m\u011bs\u00edce, 3. d\u00e1vka za 5 \u2013 12 m\u011bs\u00edc\u016f po druh\u00e9 d\u00e1vce, ENCEPUR v podobn\u00e9m sch\u00e9matu, cena jedn\u00e9 vakc\u00edny 1.000 K\u010d.<\/p>\n\n\n\n<p><strong>V&nbsp;LETN\u00cdCH M\u011aS\u00cdC\u00cdCH MO\u017dNOST ZRYCHLEN\u00c9HO O\u010cKOV\u00c1N\u00cd<\/strong><br>Tyto o\u010dkovac\u00ed l\u00e1tky si hrad\u00ed pacient, m\u00e1me je v\u011bt\u0161inou p\u0159\u00edmo v ordinaci (ev. m\u016f\u017eeme objednat) a \u00fahrada se m\u011bn\u00ed dle ceny dodavatele.<br>Proti ch\u0159ipce INFLUVAC, VAXIGRIP 1x ro\u010dn\u011b hrazen\u00e9 zdravotn\u00ed poji\u0161\u0165ovnou nad 65 let a u pacient\u016f s chronick\u00fdm onemocn\u011bn\u00edm (cukrovka, kardiovaskul\u00e1rn\u00ed onemocn\u011bn\u00ed, neurologick\u00e1 onemocn\u011bn\u00ed\u2026.).<\/p>\n\n\n\n<p><strong>Proti meningokovi&nbsp;<\/strong> je v \u010cR je nejvhodn\u011bj\u0161\u00ed vakc\u00edna proti \u010dty\u0159em typ\u016fm A, C, W135 a Y po jedin\u00e9 d\u00e1vce. Vhodn\u00e9 p\u0159eo\u010dkov\u00e1n\u00ed za 5 let. &nbsp; D\u00e1le nov\u011b vakc\u00edna proti meningokokovi typu B, o\u010dkuje se 2 d\u00e1vkami \/ cena nyn\u00ed velmi vysok\u00e1\/. P\u0159eo\u010dkov\u00e1n\u00ed u t\u00e9to nov\u00e9 vakc\u00edny nen\u00ed zat\u00edm stanoveno. O\u010dkov\u00e1n\u00ed doporu\u010duji v\u0161em pacient\u016fm ve v\u011bku 18-26 let a od&nbsp; 60 let v\u011bku.<\/p>\n\n\n\n<p><strong>Proti pneumokokov\u00fdm onemocn\u011bn\u00edm<\/strong><br>U pacient\u016f v \u00fastavn\u00edch za\u0159\u00edzen\u00edch \/ ODN, domovy d\u016fchodc\u016f, domovy pro seniory, se speci\u00e1ln\u00edm re\u017eimem\u2026\/ je o\u010dkov\u00e1n\u00ed proti pneumokokov\u00fdm infekc\u00edm povinn\u00e9 a\u00a0 hrazeno zdravotn\u00ed poji\u0161\u0165ovnou. U senior\u016f nad 65 let je t\u00e9\u017e vakc\u00edna Prevenar 20 hrazena ze zdravotn\u00edho poji\u0161t\u011bn\u00ed, tedy pro tyto seniory je bezplatn\u00e1.<\/p>\n\n\n\n<p>Ke sp\u00ed\u0161e raritn\u00edm o\u010dkov\u00e1n\u00edm pat\u0159\u00ed nehrazen\u00e9 o\u010dkov\u00e1n\u00ed proti plan\u00fdm ne\u0161tovic\u00edm, p\u00e1sov\u00e9mu oparu, kombinovan\u00e9 o\u010dkov\u00e1n\u00ed proti p\u0159\u00edu\u0161nic\u00edm, spalni\u010dk\u00e1m a zard\u011bnk\u00e1m a proti lidsk\u00e9mu papilomaviru.<\/p>\n","protected":false},"excerpt":{"rendered":"<p>Z n\u00e1sleduj\u00edc\u00edch d\u016fvod\u016f doporu\u010dujeme o\u010dkovat se proti COVID-19 POVINN\u00c9 O\u010cKOV\u00c1N\u00cd&nbsp;(hrazen\u00e9 zdravotn\u00ed poji\u0161\u0165ovnou) je o\u010dkov\u00e1n\u00ed proti tetanu.TAT \u2013 o\u010dkuje se v &hellip; <\/p>\n","protected":false},"author":1,"featured_media":0,"parent":0,"menu_order":0,"comment_status":"closed","ping_status":"closed","template":"","meta":{"footnotes":""},"class_list":["post-244","page","type-page","status-publish","hentry"],"_links":{"self":[{"href":"https:\/\/ordinacebucovice.cz\/index.php\/wp-json\/wp\/v2\/pages\/244","targetHints":{"allow":["GET"]}}],"collection":[{"href":"https:\/\/ordinacebucovice.cz\/index.php\/wp-json\/wp\/v2\/pages"}],"about":[{"href":"https:\/\/ordinacebucovice.cz\/index.php\/wp-json\/wp\/v2\/types\/page"}],"author":[{"embeddable":true,"href":"https:\/\/ordinacebucovice.cz\/index.php\/wp-json\/wp\/v2\/users\/1"}],"replies":[{"embeddable":true,"href":"https:\/\/ordinacebucovice.cz\/index.php\/wp-json\/wp\/v2\/comments?post=244"}],"version-history":[{"count":38,"href":"https:\/\/ordinacebucovice.cz\/index.php\/wp-json\/wp\/v2\/pages\/244\/revisions"}],"predecessor-version":[{"id":1383,"href":"https:\/\/ordinacebucovice.cz\/index.php\/wp-json\/wp\/v2\/pages\/244\/revisions\/1383"}],"wp:attachment":[{"href":"https:\/\/ordinacebucovice.cz\/index.php\/wp-json\/wp\/v2\/media?parent=244"}],"curies":[{"name":"wp","href":"https:\/\/api.w.org\/{rel}","templated":true}]}}