{"id":7,"date":"2021-01-05T00:09:04","date_gmt":"2021-01-04T23:09:04","guid":{"rendered":"http:\/\/ordinacebucovice.cz\/?page_id=7"},"modified":"2025-11-22T15:03:11","modified_gmt":"2025-11-22T14:03:11","slug":"o-nas","status":"publish","type":"page","link":"https:\/\/ordinacebucovice.cz\/index.php\/o-nas\/","title":{"rendered":"O n\u00e1s"},"content":{"rendered":"\n<div class=\"wp-block-buttons is-layout-flex wp-block-buttons-is-layout-flex\">\n<div class=\"wp-block-button has-custom-width wp-block-button__width-100 is-style-outline is-style-outline--1\"><a class=\"wp-block-button__link has-black-color has-text-color has-background has-link-color has-medium-font-size has-custom-font-size wp-element-button\" href=\"https:\/\/ordinacebucovice.cz\/index.php\/vnitrni-rad-ordinace\/\" style=\"background-color:#38d826\"><strong>Vnit\u0159n\u00ed \u0159\u00e1d ordinace<\/strong><\/a><\/div>\n\n\n\n<div class=\"wp-block-button has-custom-width wp-block-button__width-100 is-style-outline is-style-outline--2\"><a class=\"wp-block-button__link has-black-color has-text-color has-background has-link-color has-medium-font-size has-custom-font-size wp-element-button\" href=\"https:\/\/ordinacebucovice.cz\/index.php\/zpracovani-osobnich-udaju\/\" style=\"background-color:#38d826\"><strong>Zpracov\u00e1n\u00ed osobn\u00edch \u00fadaj\u016f<\/strong> <\/a><\/div>\n<\/div>\n\n\n\n<hr class=\"wp-block-separator has-alpha-channel-opacity\"\/>\n\n\n\n<p class=\"has-text-color\" style=\"color:#38d826;font-size:25px\"><strong>MUDr. Alena R\u016f\u017ei\u010dkov\u00e1<\/strong><\/p>\n\n\n\n<p>Vystudovala jsem 2. l\u00e9ka\u0159skou fakultu Karlovy univerzity v Praze, obor v\u0161eobecn\u00e9 l\u00e9ka\u0159stv\u00ed. N\u00e1sledn\u011b jsem pracovala v nemocnic\u00edch ve Vy\u0161kov\u011b a ve FN U svat\u00e9 Anny v Brn\u011b. V roce 2014 jsem slo\u017eila atestaci z v\u0161eobecn\u00e9ho praktick\u00e9ho l\u00e9ka\u0159stv\u00ed a pot\u00e9 p\u016fsobila jako praktick\u00fd l\u00e9ka\u0159 pro dosp\u011bl\u00e9 ve spole\u010dnosti Moje ambulance v Brn\u011b a v ordinaci praktick\u00e9ho l\u00e9ka\u0159e v Bu\u010dovic\u00edch. <\/p>\n\n\n\n<figure class=\"wp-block-image size-large is-resized\"><img loading=\"lazy\" decoding=\"async\" width=\"1024\" height=\"277\" src=\"https:\/\/ordinacebucovice.cz\/wp-content\/uploads\/2023\/06\/Diplomy-na-webove-stranky-1024x277.jpg\" alt=\"\" class=\"wp-image-940\" style=\"width:1214px;height:328px\" srcset=\"https:\/\/ordinacebucovice.cz\/wp-content\/uploads\/2023\/06\/Diplomy-na-webove-stranky-1024x277.jpg 1024w, https:\/\/ordinacebucovice.cz\/wp-content\/uploads\/2023\/06\/Diplomy-na-webove-stranky-300x81.jpg 300w, https:\/\/ordinacebucovice.cz\/wp-content\/uploads\/2023\/06\/Diplomy-na-webove-stranky-768x208.jpg 768w, https:\/\/ordinacebucovice.cz\/wp-content\/uploads\/2023\/06\/Diplomy-na-webove-stranky-1536x415.jpg 1536w, https:\/\/ordinacebucovice.cz\/wp-content\/uploads\/2023\/06\/Diplomy-na-webove-stranky.jpg 1795w\" sizes=\"auto, (max-width: 1024px) 100vw, 1024px\" \/><\/figure>\n\n\n\n<hr class=\"wp-block-separator has-css-opacity\"\/>\n\n\n\n<p class=\"has-text-color\" style=\"color:#38d826;font-size:25px\">Zdravotn\u00ed sestra <strong>Bronislava Skalkov\u00e1<\/strong><\/p>\n\n\n\n<hr class=\"wp-block-separator has-css-opacity\"\/>\n\n\n\n<p class=\"has-text-color\" style=\"color:#38d826\"><strong>P\u0159\u00edstrojov\u00e9 vybaven\u00ed ordinace:<\/strong><\/p>\n\n\n\n<ul class=\"wp-block-list\">\n<li>EKG<\/li>\n\n\n\n<li>CRP &#8211; marker akutn\u00edho z\u00e1n\u011btu<\/li>\n\n\n\n<li>Stanoven\u00ed hladiny glykemie<\/li>\n\n\n\n<li>Sedimentace erytrocyt\u016f<\/li>\n\n\n\n<li>Screening rakoviny tlust\u00e9ho st\u0159eva &#8211; zji\u0161t\u011bn\u00ed okultn\u00edho krv\u00e1cen\u00ed ve stolici (FOB) v r\u00e1mci preventivn\u00edch prohl\u00eddek<\/li>\n\n\n\n<li>Oxymetr <\/li>\n\n\n\n<li>TK holter &#8211; 24 hodinov\u00e9 m\u011b\u0159en\u00ed krevn\u00edho tlaku <\/li>\n\n\n\n<li>COBAS: \n<ul class=\"wp-block-list\">\n<li>marker Ddimer &#8211; k vylou\u010den\u00ed akutn\u00ed tromb\u00f3zy<\/li>\n\n\n\n<li>marker TNT &#8211; k vylou\u010den\u00ed akutn\u00edho infarktu myokardu<\/li>\n\n\n\n<li>marker proBNP &#8211; k vylou\u010den\u00ed akutn\u00edho infarktu myokardu a ischemick\u00e9 choroby srde\u010dn\u00ed<\/li>\n<\/ul>\n<\/li>\n<\/ul>\n\n\n\n<hr class=\"wp-block-separator has-alpha-channel-opacity\"\/>\n\n\n\n<p class=\"has-text-color\" style=\"color:#38d826\"><strong>Nasmlouvan\u00e9 poji\u0161\u0165ovny:<\/strong><\/p>\n\n\n\n<ul class=\"wp-block-list\">\n<li>V\u0161eobecn\u00e1 zdravotn\u00ed poji\u0161\u0165ovna \u010cR (111)<\/li>\n\n\n\n<li>Zdravotn\u00ed poji\u0161\u0165ovna ministerstva vnitra \u010cR (211)<\/li>\n\n\n\n<li>\u010cesk\u00e1 pr\u016fmyslov\u00e1 zdravotn\u00ed poji\u0161\u0165ovna (205)<\/li>\n\n\n\n<li>Vojensk\u00e1 zdravotn\u00ed poji\u0161\u0165ovna \u010cR (201)<\/li>\n\n\n\n<li>Oborov\u00e1 zdravotn\u00ed poji\u0161\u0165ovna zam\u011bstnanc\u016f bank, poji\u0161\u0165oven a stavebnictv\u00ed (207)<\/li>\n\n\n\n<li>Rev\u00edrn\u00ed bratrsk\u00e1 poji\u0161\u0165ovna (213)<\/li>\n<\/ul>\n\n\n\n<p><\/p>\n","protected":false},"excerpt":{"rendered":"<p>MUDr. Alena R\u016f\u017ei\u010dkov\u00e1 Vystudovala jsem 2. l\u00e9ka\u0159skou fakultu Karlovy univerzity v Praze, obor v\u0161eobecn\u00e9 l\u00e9ka\u0159stv\u00ed. N\u00e1sledn\u011b jsem pracovala v nemocnic\u00edch &hellip; <\/p>\n","protected":false},"author":1,"featured_media":0,"parent":0,"menu_order":0,"comment_status":"closed","ping_status":"closed","template":"","meta":{"footnotes":""},"class_list":["post-7","page","type-page","status-publish","hentry"],"_links":{"self":[{"href":"https:\/\/ordinacebucovice.cz\/index.php\/wp-json\/wp\/v2\/pages\/7","targetHints":{"allow":["GET"]}}],"collection":[{"href":"https:\/\/ordinacebucovice.cz\/index.php\/wp-json\/wp\/v2\/pages"}],"about":[{"href":"https:\/\/ordinacebucovice.cz\/index.php\/wp-json\/wp\/v2\/types\/page"}],"author":[{"embeddable":true,"href":"https:\/\/ordinacebucovice.cz\/index.php\/wp-json\/wp\/v2\/users\/1"}],"replies":[{"embeddable":true,"href":"https:\/\/ordinacebucovice.cz\/index.php\/wp-json\/wp\/v2\/comments?post=7"}],"version-history":[{"count":42,"href":"https:\/\/ordinacebucovice.cz\/index.php\/wp-json\/wp\/v2\/pages\/7\/revisions"}],"predecessor-version":[{"id":1303,"href":"https:\/\/ordinacebucovice.cz\/index.php\/wp-json\/wp\/v2\/pages\/7\/revisions\/1303"}],"wp:attachment":[{"href":"https:\/\/ordinacebucovice.cz\/index.php\/wp-json\/wp\/v2\/media?parent=7"}],"curies":[{"name":"wp","href":"https:\/\/api.w.org\/{rel}","templated":true}]}}