{"id":8,"date":"2021-01-05T00:09:04","date_gmt":"2021-01-04T23:09:04","guid":{"rendered":"http:\/\/ordinacebucovice.cz\/?page_id=8"},"modified":"2024-12-05T07:48:56","modified_gmt":"2024-12-05T06:48:56","slug":"kontakt","status":"publish","type":"page","link":"https:\/\/ordinacebucovice.cz\/index.php\/kontakt\/","title":{"rendered":"Kontakt"},"content":{"rendered":"\n<p><strong>Adresa do ordinace:<\/strong> <br>MUDr. Alena R\u016f\u017ei\u010dkov\u00e1<br>Poliklinika Bu\u010dovice <br><strong>Dvorsk\u00e1 <\/strong>912 (p\u016fvodn\u00ed n\u00e1zev ulice Sov\u011btsk\u00e1)<br>685 01 Bu\u010dovice<br>Od 2.12.2024 je ordinace um\u00edst\u011bna v budov\u011b B, 1. patro, dve\u0159e \u010d. 207c<\/p>\n\n\n\n<figure class=\"wp-block-image size-large\"><img loading=\"lazy\" decoding=\"async\" width=\"1024\" height=\"336\" src=\"https:\/\/ordinacebucovice.cz\/wp-content\/uploads\/2024\/11\/Poloha-ordinace-1-1024x336.jpg\" alt=\"\" class=\"wp-image-1148\" srcset=\"https:\/\/ordinacebucovice.cz\/wp-content\/uploads\/2024\/11\/Poloha-ordinace-1-1024x336.jpg 1024w, https:\/\/ordinacebucovice.cz\/wp-content\/uploads\/2024\/11\/Poloha-ordinace-1-300x99.jpg 300w, https:\/\/ordinacebucovice.cz\/wp-content\/uploads\/2024\/11\/Poloha-ordinace-1-768x252.jpg 768w, https:\/\/ordinacebucovice.cz\/wp-content\/uploads\/2024\/11\/Poloha-ordinace-1.jpg 1535w\" sizes=\"auto, (max-width: 1024px) 100vw, 1024px\" \/><\/figure>\n\n\n\n<p><strong>Telefon<\/strong><br>515 537 527<\/p>\n\n\n\n<p><strong>E-mail<\/strong><br>info@ordinacebucovice.cz <\/p>\n\n\n\n<figure class=\"wp-block-image size-large\"><img loading=\"lazy\" decoding=\"async\" width=\"1024\" height=\"637\" src=\"https:\/\/ordinacebucovice.cz\/wp-content\/uploads\/2024\/12\/obrazek-1024x637.png\" alt=\"\" class=\"wp-image-1157\" srcset=\"https:\/\/ordinacebucovice.cz\/wp-content\/uploads\/2024\/12\/obrazek-1024x637.png 1024w, https:\/\/ordinacebucovice.cz\/wp-content\/uploads\/2024\/12\/obrazek-300x187.png 300w, https:\/\/ordinacebucovice.cz\/wp-content\/uploads\/2024\/12\/obrazek-768x478.png 768w, https:\/\/ordinacebucovice.cz\/wp-content\/uploads\/2024\/12\/obrazek.png 1210w\" sizes=\"auto, (max-width: 1024px) 100vw, 1024px\" \/><\/figure>\n\n\n\n<p><\/p>\n","protected":false},"excerpt":{"rendered":"<p>Adresa do ordinace: MUDr. Alena R\u016f\u017ei\u010dkov\u00e1Poliklinika Bu\u010dovice Dvorsk\u00e1 912 (p\u016fvodn\u00ed n\u00e1zev ulice Sov\u011btsk\u00e1)685 01 Bu\u010doviceOd 2.12.2024 je ordinace um\u00edst\u011bna v &hellip; <\/p>\n","protected":false},"author":1,"featured_media":0,"parent":0,"menu_order":0,"comment_status":"closed","ping_status":"closed","template":"","meta":{"footnotes":""},"class_list":["post-8","page","type-page","status-publish","hentry"],"_links":{"self":[{"href":"https:\/\/ordinacebucovice.cz\/index.php\/wp-json\/wp\/v2\/pages\/8","targetHints":{"allow":["GET"]}}],"collection":[{"href":"https:\/\/ordinacebucovice.cz\/index.php\/wp-json\/wp\/v2\/pages"}],"about":[{"href":"https:\/\/ordinacebucovice.cz\/index.php\/wp-json\/wp\/v2\/types\/page"}],"author":[{"embeddable":true,"href":"https:\/\/ordinacebucovice.cz\/index.php\/wp-json\/wp\/v2\/users\/1"}],"replies":[{"embeddable":true,"href":"https:\/\/ordinacebucovice.cz\/index.php\/wp-json\/wp\/v2\/comments?post=8"}],"version-history":[{"count":27,"href":"https:\/\/ordinacebucovice.cz\/index.php\/wp-json\/wp\/v2\/pages\/8\/revisions"}],"predecessor-version":[{"id":1158,"href":"https:\/\/ordinacebucovice.cz\/index.php\/wp-json\/wp\/v2\/pages\/8\/revisions\/1158"}],"wp:attachment":[{"href":"https:\/\/ordinacebucovice.cz\/index.php\/wp-json\/wp\/v2\/media?parent=8"}],"curies":[{"name":"wp","href":"https:\/\/api.w.org\/{rel}","templated":true}]}}