{"id":86,"date":"2021-01-10T19:24:28","date_gmt":"2021-01-10T18:24:28","guid":{"rendered":"https:\/\/ordinacebucovice.cz\/?page_id=86"},"modified":"2026-02-12T19:04:12","modified_gmt":"2026-02-12T18:04:12","slug":"objednat-se","status":"publish","type":"page","link":"https:\/\/ordinacebucovice.cz\/index.php\/objednat-se\/","title":{"rendered":"Objednat se"},"content":{"rendered":"\n<p>Volejte <strong>515 537 527<\/strong> a dohodn\u011bte si term\u00edn. Vhodn\u00e1 doba pro telefonick\u00e9 objedn\u00e1n\u00ed je 10:00 &#8211; 11:00. <\/p>\n\n\n\n<p>Pi\u0161te na email: <strong>info@ordinacebucovice.cz<\/strong><\/p>\n","protected":false},"excerpt":{"rendered":"<p>Volejte 515 537 527 a dohodn\u011bte si term\u00edn. Vhodn\u00e1 doba pro telefonick\u00e9 objedn\u00e1n\u00ed je 10:00 &#8211; 11:00. Pi\u0161te na email: &hellip; <\/p>\n","protected":false},"author":1,"featured_media":0,"parent":0,"menu_order":0,"comment_status":"closed","ping_status":"closed","template":"","meta":{"footnotes":""},"class_list":["post-86","page","type-page","status-publish","hentry"],"_links":{"self":[{"href":"https:\/\/ordinacebucovice.cz\/index.php\/wp-json\/wp\/v2\/pages\/86","targetHints":{"allow":["GET"]}}],"collection":[{"href":"https:\/\/ordinacebucovice.cz\/index.php\/wp-json\/wp\/v2\/pages"}],"about":[{"href":"https:\/\/ordinacebucovice.cz\/index.php\/wp-json\/wp\/v2\/types\/page"}],"author":[{"embeddable":true,"href":"https:\/\/ordinacebucovice.cz\/index.php\/wp-json\/wp\/v2\/users\/1"}],"replies":[{"embeddable":true,"href":"https:\/\/ordinacebucovice.cz\/index.php\/wp-json\/wp\/v2\/comments?post=86"}],"version-history":[{"count":14,"href":"https:\/\/ordinacebucovice.cz\/index.php\/wp-json\/wp\/v2\/pages\/86\/revisions"}],"predecessor-version":[{"id":1372,"href":"https:\/\/ordinacebucovice.cz\/index.php\/wp-json\/wp\/v2\/pages\/86\/revisions\/1372"}],"wp:attachment":[{"href":"https:\/\/ordinacebucovice.cz\/index.php\/wp-json\/wp\/v2\/media?parent=86"}],"curies":[{"name":"wp","href":"https:\/\/api.w.org\/{rel}","templated":true}]}}